{"id":895,"date":"2022-11-09T07:43:00","date_gmt":"2022-11-09T06:43:00","guid":{"rendered":"https:\/\/tierpension-hof.ch\/?page_id=895"},"modified":"2022-11-10T08:56:38","modified_gmt":"2022-11-10T07:56:38","slug":"kanata","status":"publish","type":"page","link":"https:\/\/tierpension-hof.ch\/?page_id=895","title":{"rendered":"Kanata"},"content":{"rendered":"\n<p><strong>Kanata<\/strong><\/p>\n\n\n\n<p>Update Fr\u00fchsommer 2022: Kanata hat einen tollen Platz gefunden. Es war ein Zufall, dass sie ihren neuen Menschen \u00fcberhaupt getroffen hat, aber der Funke sprang sofort \u00fcber. Nach einer l\u00e4ngeren Probezeit ist nun klar, dass Kanata ihr F\u00fcr-Immer-Zuhause gefunden hat. <\/p>\n\n\n\n<p>Update Februar 2021: <strong> <\/strong><\/p>\n\n\n\n<p>Die vierj\u00e4hrige Kanata ist ein fr\u00f6hlicher Hund und will gefallen. Sie sollte gef\u00f6rdert werden &#8211; sie tut alles, um es ihren Menschen recht zu machen und hat einen guten Gehorsam, muss aber noch weiterlernen.<\/p>\n\n\n\n<p>Mit Hunden, vor allem R\u00fcden, kommt sie in der Regel gut klar &#8211; jedoch ist sie f\u00fcr kleine Hunde zu grob und diese f\u00fcr sie meist zu nerv\u00f6s. Sie spielt sehr gerne, ist aber eher ein R\u00fcpel &#8211; daher sollte ein Hundekamerad robust sein. Sie mag andere Hunde im Allgemeinen, kann aber gut als Einzelhund gehalten werden, da sie sehr viel Aufmerksamkeit von ihren Menschen einfordert und nichts dagegen hat, Einzel-Prinzessin zu sein.<\/p>\n\n\n<div class=\"wp-block-image\">\n<figure class=\"aligncenter size-large is-resized\"><img loading=\"lazy\" decoding=\"async\" src=\"https:\/\/tierpension-hof.ch\/wp-content\/uploads\/2020\/07\/Kanata-Tierwelt-29-2020-462x1024.jpg\" alt=\"Inserat f\u00fcr Kanata in der Tierwelt Nr. 29\/2020; ausfuehrlicher Text im HTML.\" class=\"wp-image-832\" width=\"231\" height=\"512\" srcset=\"https:\/\/tierpension-hof.ch\/wp-content\/uploads\/2020\/07\/Kanata-Tierwelt-29-2020-462x1024.jpg 462w, https:\/\/tierpension-hof.ch\/wp-content\/uploads\/2020\/07\/Kanata-Tierwelt-29-2020-135x300.jpg 135w, https:\/\/tierpension-hof.ch\/wp-content\/uploads\/2020\/07\/Kanata-Tierwelt-29-2020-768x1703.jpg 768w, https:\/\/tierpension-hof.ch\/wp-content\/uploads\/2020\/07\/Kanata-Tierwelt-29-2020-693x1536.jpg 693w, https:\/\/tierpension-hof.ch\/wp-content\/uploads\/2020\/07\/Kanata-Tierwelt-29-2020-924x2048.jpg 924w, https:\/\/tierpension-hof.ch\/wp-content\/uploads\/2020\/07\/Kanata-Tierwelt-29-2020-scaled.jpg 1154w\" sizes=\"auto, (max-width: 231px) 100vw, 231px\" \/><figcaption class=\"wp-element-caption\">Inserat Kanata in der Tierwelt Nr. 29\/2020<\/figcaption><\/figure>\n<\/div>\n\n\n<p>Ein Teil ihrer Vorfahren waren Herdenschutzhunde, wahrscheinlich der Rasse Bardino, daher braucht sie eine erfahrene Person, die ihren Charakter akzeptiert und mit dem Besch\u00fctzerinstinkt klar kommt. Gegen\u00fcber Fremden, die in &#8222;ihr&#8220; Territorium kommen, reagiert sie vorsichtig\/wachsam und orientiert sich an ihren Menschen, wie sie ihnen begegnen soll. Beim Spazieren ist sie friedlich und k\u00f6nnte nach Eingew\u00f6hnung in geeigneten Gebieten wahrscheinlich auch freilaufen. <\/p>\n\n\n\n<p>Sie ist in etwa so gross wie ein Labrador und hat ein dichtes, kurzhaariges Fell mit Unterwolle. Sie ist kastriert.<\/p>\n\n\n\n<p>Ihre Besitzerin kann nach einer Operation Kanata nicht mehr behalten, daher sucht sie einen neuen Lebensplatz. Kanata stammt aus Spanien und kam als Welpe in die Schweiz. Sie hat bisher auf dem Land gelebt, das Stadtzentrum w\u00e4re nichts f\u00fcr sie.<\/p>\n\n\n\n<p>Kanata wird an einen geeigneten Platz, nur zu hunde-erfahrenden Personen mit eigenem Garten und ohne kleine Kinder\/Hunde, vermittelt. Bei Interesse bitte per Telefon melden: 062 721 28 48<\/p>\n\n\n\n<figure class=\"wp-block-gallery has-nested-images columns-default is-cropped wp-block-gallery-1 is-layout-flex wp-block-gallery-is-layout-flex\">\n<figure class=\"wp-block-image size-large\"><a href=\"https:\/\/tierpension-hof.ch\/wp-content\/uploads\/2020\/04\/IMG_1710.jpg\"><img loading=\"lazy\" decoding=\"async\" width=\"1024\" height=\"768\" data-id=\"725\" src=\"https:\/\/tierpension-hof.ch\/wp-content\/uploads\/2020\/04\/IMG_1710-1024x768.jpg\" alt=\"\" class=\"wp-image-725\" srcset=\"https:\/\/tierpension-hof.ch\/wp-content\/uploads\/2020\/04\/IMG_1710-1024x768.jpg 1024w, https:\/\/tierpension-hof.ch\/wp-content\/uploads\/2020\/04\/IMG_1710-300x225.jpg 300w, https:\/\/tierpension-hof.ch\/wp-content\/uploads\/2020\/04\/IMG_1710-768x576.jpg 768w\" sizes=\"auto, (max-width: 1024px) 100vw, 1024px\" \/><\/a><figcaption class=\"wp-element-caption\">Kanata ist ganz brav an der Leine<\/figcaption><\/figure>\n\n\n\n<figure class=\"wp-block-image size-large\"><a href=\"https:\/\/tierpension-hof.ch\/wp-content\/uploads\/2020\/04\/IMG_1818.jpg\"><img loading=\"lazy\" decoding=\"async\" width=\"1024\" height=\"768\" data-id=\"727\" src=\"https:\/\/tierpension-hof.ch\/wp-content\/uploads\/2020\/04\/IMG_1818-1024x768.jpg\" alt=\"\" class=\"wp-image-727\" srcset=\"https:\/\/tierpension-hof.ch\/wp-content\/uploads\/2020\/04\/IMG_1818-1024x768.jpg 1024w, https:\/\/tierpension-hof.ch\/wp-content\/uploads\/2020\/04\/IMG_1818-300x225.jpg 300w, https:\/\/tierpension-hof.ch\/wp-content\/uploads\/2020\/04\/IMG_1818-768x576.jpg 768w\" sizes=\"auto, (max-width: 1024px) 100vw, 1024px\" \/><\/a><figcaption class=\"wp-element-caption\">Kanata und Rosie<\/figcaption><\/figure>\n\n\n\n<figure class=\"wp-block-image size-large\"><a href=\"https:\/\/tierpension-hof.ch\/wp-content\/uploads\/2020\/04\/IMG_1835.jpg\"><img loading=\"lazy\" decoding=\"async\" width=\"1024\" height=\"768\" data-id=\"728\" src=\"https:\/\/tierpension-hof.ch\/wp-content\/uploads\/2020\/04\/IMG_1835-1024x768.jpg\" alt=\"\" class=\"wp-image-728\" srcset=\"https:\/\/tierpension-hof.ch\/wp-content\/uploads\/2020\/04\/IMG_1835-1024x768.jpg 1024w, https:\/\/tierpension-hof.ch\/wp-content\/uploads\/2020\/04\/IMG_1835-300x225.jpg 300w, https:\/\/tierpension-hof.ch\/wp-content\/uploads\/2020\/04\/IMG_1835-768x576.jpg 768w\" sizes=\"auto, (max-width: 1024px) 100vw, 1024px\" \/><\/a><figcaption class=\"wp-element-caption\">Kanata, immer happy<\/figcaption><\/figure>\n\n\n\n<figure class=\"wp-block-image size-large\"><a href=\"https:\/\/tierpension-hof.ch\/wp-content\/uploads\/2020\/04\/IMG_1816.jpg\"><img loading=\"lazy\" decoding=\"async\" width=\"1024\" height=\"768\" data-id=\"726\" src=\"https:\/\/tierpension-hof.ch\/wp-content\/uploads\/2020\/04\/IMG_1816-1024x768.jpg\" alt=\"\" class=\"wp-image-726\" srcset=\"https:\/\/tierpension-hof.ch\/wp-content\/uploads\/2020\/04\/IMG_1816-1024x768.jpg 1024w, https:\/\/tierpension-hof.ch\/wp-content\/uploads\/2020\/04\/IMG_1816-300x225.jpg 300w, https:\/\/tierpension-hof.ch\/wp-content\/uploads\/2020\/04\/IMG_1816-768x576.jpg 768w\" sizes=\"auto, (max-width: 1024px) 100vw, 1024px\" \/><\/a><figcaption class=\"wp-element-caption\">Kanata<\/figcaption><\/figure>\n<\/figure>\n","protected":false},"excerpt":{"rendered":"<p>Kanata Update Fr\u00fchsommer 2022: Kanata hat einen tollen Platz gefunden. Es war ein Zufall, dass sie ihren neuen Menschen \u00fcberhaupt getroffen hat, aber der Funke sprang sofort \u00fcber. Nach einer l\u00e4ngeren Probezeit ist nun klar, dass Kanata ihr F\u00fcr-Immer-Zuhause gefunden hat. Update Februar 2021: Die vierj\u00e4hrige Kanata ist ein fr\u00f6hlicher Hund und will gefallen. Sie [&hellip;]<\/p>\n","protected":false},"author":2,"featured_media":0,"parent":0,"menu_order":0,"comment_status":"closed","ping_status":"closed","template":"","meta":{"footnotes":""},"class_list":["post-895","page","type-page","status-publish","hentry"],"_links":{"self":[{"href":"https:\/\/tierpension-hof.ch\/index.php?rest_route=\/wp\/v2\/pages\/895","targetHints":{"allow":["GET"]}}],"collection":[{"href":"https:\/\/tierpension-hof.ch\/index.php?rest_route=\/wp\/v2\/pages"}],"about":[{"href":"https:\/\/tierpension-hof.ch\/index.php?rest_route=\/wp\/v2\/types\/page"}],"author":[{"embeddable":true,"href":"https:\/\/tierpension-hof.ch\/index.php?rest_route=\/wp\/v2\/users\/2"}],"replies":[{"embeddable":true,"href":"https:\/\/tierpension-hof.ch\/index.php?rest_route=%2Fwp%2Fv2%2Fcomments&post=895"}],"version-history":[{"count":2,"href":"https:\/\/tierpension-hof.ch\/index.php?rest_route=\/wp\/v2\/pages\/895\/revisions"}],"predecessor-version":[{"id":940,"href":"https:\/\/tierpension-hof.ch\/index.php?rest_route=\/wp\/v2\/pages\/895\/revisions\/940"}],"wp:attachment":[{"href":"https:\/\/tierpension-hof.ch\/index.php?rest_route=%2Fwp%2Fv2%2Fmedia&parent=895"}],"curies":[{"name":"wp","href":"https:\/\/api.w.org\/{rel}","templated":true}]}}