{"id":888,"date":"2022-11-09T21:37:00","date_gmt":"2022-11-09T20:37:00","guid":{"rendered":"https:\/\/tierpension-hof.ch\/?page_id=888"},"modified":"2022-11-10T08:54:35","modified_gmt":"2022-11-10T07:54:35","slug":"nada-und-layla","status":"publish","type":"page","link":"https:\/\/tierpension-hof.ch\/?page_id=888","title":{"rendered":"Nada und Layla"},"content":{"rendered":"\n<p>Update 2022: Nada und Layla sind inzwischen fast 14 Jahre alt &#8211; sie sind immer noch fit und munter und leben inzwischen schon lange bei uns. Leider sind sie, obschon sonst in bester Gesundheit, nicht mehr ganz kontinent &#8211; was eine Vermittlung sehr unwahrscheinlich macht. Auch aufgrund ihres Alters wollen wir ihnen keine Umstellung mehr zumuten. Der Pro Levrier hat f\u00fcr die beiden eine Patenschaft \u00fcbernommen, wof\u00fcr wir sehr dankbar sind.  <br><br>Update Februar 2021: Nada (12.5 Jahre) und Layla (13 Jahre), zwei s\u00fcsse und liebe Sloughi M\u00e4dchen aus der Schweiz, suchen ein neues Zuhause, in welchem sie noch einmal gl\u00fcckliche Sofahunde sein d\u00fcrfen.<\/p>\n\n\n\n<p>Nada und Layla kamen aus gesundheitlichen Gr\u00fcnden der Besitzerin vor einem Jahr zu uns. Nun hat sich die Besitzerin dazu entschlossen, dass sie die beiden M\u00e4dchen nicht mehr zur\u00fcck nehmen kann. <\/p>\n\n\n\n<p>Nada und Layla sind gesund, kastriert, extrem lieb und sozial mit anderen Hunden, anh\u00e4nglich und unkompliziert &#8211; einfach Traumhunde. Layla ist am Anfang eher etwas zur\u00fcckhaltend, schmust aber dann sehr gerne, wenn sie die Menschen kennt. Beide gehen noch gerne spazieren, sind leider aber nicht mehr immer stubenrein. <\/p>\n\n\n\n<figure class=\"wp-block-gallery has-nested-images columns-2 is-cropped wp-block-gallery-1 is-layout-flex wp-block-gallery-is-layout-flex\">\n<figure class=\"wp-block-image size-large\"><a href=\"https:\/\/tierpension-hof.ch\/wp-content\/uploads\/2021\/02\/04b0b438-21c5-4220-83d0-1059989bd73d.jpg\"><img loading=\"lazy\" decoding=\"async\" width=\"768\" height=\"1024\" data-id=\"889\" src=\"https:\/\/tierpension-hof.ch\/wp-content\/uploads\/2021\/02\/04b0b438-21c5-4220-83d0-1059989bd73d-768x1024.jpg\" alt=\"\" class=\"wp-image-889\" srcset=\"https:\/\/tierpension-hof.ch\/wp-content\/uploads\/2021\/02\/04b0b438-21c5-4220-83d0-1059989bd73d-768x1024.jpg 768w, https:\/\/tierpension-hof.ch\/wp-content\/uploads\/2021\/02\/04b0b438-21c5-4220-83d0-1059989bd73d-225x300.jpg 225w, https:\/\/tierpension-hof.ch\/wp-content\/uploads\/2021\/02\/04b0b438-21c5-4220-83d0-1059989bd73d-1152x1536.jpg 1152w, https:\/\/tierpension-hof.ch\/wp-content\/uploads\/2021\/02\/04b0b438-21c5-4220-83d0-1059989bd73d.jpg 1536w\" sizes=\"auto, (max-width: 768px) 100vw, 768px\" \/><\/a><figcaption class=\"wp-element-caption\">Layla<\/figcaption><\/figure>\n\n\n\n<figure class=\"wp-block-image size-large\"><a href=\"https:\/\/tierpension-hof.ch\/wp-content\/uploads\/2021\/02\/6b9bbd56-d700-4db5-8535-ff12be295e6c.jpg\"><img loading=\"lazy\" decoding=\"async\" width=\"768\" height=\"1024\" data-id=\"890\" src=\"https:\/\/tierpension-hof.ch\/wp-content\/uploads\/2021\/02\/6b9bbd56-d700-4db5-8535-ff12be295e6c-768x1024.jpg\" alt=\"\" class=\"wp-image-890\" srcset=\"https:\/\/tierpension-hof.ch\/wp-content\/uploads\/2021\/02\/6b9bbd56-d700-4db5-8535-ff12be295e6c-768x1024.jpg 768w, https:\/\/tierpension-hof.ch\/wp-content\/uploads\/2021\/02\/6b9bbd56-d700-4db5-8535-ff12be295e6c-225x300.jpg 225w, https:\/\/tierpension-hof.ch\/wp-content\/uploads\/2021\/02\/6b9bbd56-d700-4db5-8535-ff12be295e6c-1152x1536.jpg 1152w, https:\/\/tierpension-hof.ch\/wp-content\/uploads\/2021\/02\/6b9bbd56-d700-4db5-8535-ff12be295e6c.jpg 1536w\" sizes=\"auto, (max-width: 768px) 100vw, 768px\" \/><\/a><figcaption class=\"wp-element-caption\">Layla<\/figcaption><\/figure>\n\n\n\n<figure class=\"wp-block-image size-large\"><a href=\"https:\/\/tierpension-hof.ch\/wp-content\/uploads\/2021\/02\/51e59d36-01f6-4042-9feb-07b8bf9cdb0c.jpg\"><img loading=\"lazy\" decoding=\"async\" width=\"768\" height=\"1024\" data-id=\"891\" src=\"https:\/\/tierpension-hof.ch\/wp-content\/uploads\/2021\/02\/51e59d36-01f6-4042-9feb-07b8bf9cdb0c-768x1024.jpg\" alt=\"\" class=\"wp-image-891\" srcset=\"https:\/\/tierpension-hof.ch\/wp-content\/uploads\/2021\/02\/51e59d36-01f6-4042-9feb-07b8bf9cdb0c-768x1024.jpg 768w, https:\/\/tierpension-hof.ch\/wp-content\/uploads\/2021\/02\/51e59d36-01f6-4042-9feb-07b8bf9cdb0c-225x300.jpg 225w, https:\/\/tierpension-hof.ch\/wp-content\/uploads\/2021\/02\/51e59d36-01f6-4042-9feb-07b8bf9cdb0c-1152x1536.jpg 1152w, https:\/\/tierpension-hof.ch\/wp-content\/uploads\/2021\/02\/51e59d36-01f6-4042-9feb-07b8bf9cdb0c.jpg 1536w\" sizes=\"auto, (max-width: 768px) 100vw, 768px\" \/><\/a><figcaption class=\"wp-element-caption\">Nada<\/figcaption><\/figure>\n\n\n\n<figure class=\"wp-block-image size-large\"><a href=\"https:\/\/tierpension-hof.ch\/wp-content\/uploads\/2021\/02\/652857bf-a82b-4038-ad9d-45b2d2810dd7.jpg\"><img loading=\"lazy\" decoding=\"async\" width=\"768\" height=\"1024\" data-id=\"892\" src=\"https:\/\/tierpension-hof.ch\/wp-content\/uploads\/2021\/02\/652857bf-a82b-4038-ad9d-45b2d2810dd7-768x1024.jpg\" alt=\"\" class=\"wp-image-892\" srcset=\"https:\/\/tierpension-hof.ch\/wp-content\/uploads\/2021\/02\/652857bf-a82b-4038-ad9d-45b2d2810dd7-768x1024.jpg 768w, https:\/\/tierpension-hof.ch\/wp-content\/uploads\/2021\/02\/652857bf-a82b-4038-ad9d-45b2d2810dd7-225x300.jpg 225w, https:\/\/tierpension-hof.ch\/wp-content\/uploads\/2021\/02\/652857bf-a82b-4038-ad9d-45b2d2810dd7-1152x1536.jpg 1152w, https:\/\/tierpension-hof.ch\/wp-content\/uploads\/2021\/02\/652857bf-a82b-4038-ad9d-45b2d2810dd7.jpg 1536w\" sizes=\"auto, (max-width: 768px) 100vw, 768px\" \/><\/a><figcaption class=\"wp-element-caption\">Nada<\/figcaption><\/figure>\n<\/figure>\n\n\n\n<p> <\/p>\n","protected":false},"excerpt":{"rendered":"<p>Update 2022: Nada und Layla sind inzwischen fast 14 Jahre alt &#8211; sie sind immer noch fit und munter und leben inzwischen schon lange bei uns. Leider sind sie, obschon sonst in bester Gesundheit, nicht mehr ganz kontinent &#8211; was eine Vermittlung sehr unwahrscheinlich macht. Auch aufgrund ihres Alters wollen wir ihnen keine Umstellung mehr [&hellip;]<\/p>\n","protected":false},"author":2,"featured_media":0,"parent":0,"menu_order":0,"comment_status":"closed","ping_status":"closed","template":"","meta":{"footnotes":""},"class_list":["post-888","page","type-page","status-publish","hentry"],"_links":{"self":[{"href":"https:\/\/tierpension-hof.ch\/index.php?rest_route=\/wp\/v2\/pages\/888","targetHints":{"allow":["GET"]}}],"collection":[{"href":"https:\/\/tierpension-hof.ch\/index.php?rest_route=\/wp\/v2\/pages"}],"about":[{"href":"https:\/\/tierpension-hof.ch\/index.php?rest_route=\/wp\/v2\/types\/page"}],"author":[{"embeddable":true,"href":"https:\/\/tierpension-hof.ch\/index.php?rest_route=\/wp\/v2\/users\/2"}],"replies":[{"embeddable":true,"href":"https:\/\/tierpension-hof.ch\/index.php?rest_route=%2Fwp%2Fv2%2Fcomments&post=888"}],"version-history":[{"count":5,"href":"https:\/\/tierpension-hof.ch\/index.php?rest_route=\/wp\/v2\/pages\/888\/revisions"}],"predecessor-version":[{"id":938,"href":"https:\/\/tierpension-hof.ch\/index.php?rest_route=\/wp\/v2\/pages\/888\/revisions\/938"}],"wp:attachment":[{"href":"https:\/\/tierpension-hof.ch\/index.php?rest_route=%2Fwp%2Fv2%2Fmedia&parent=888"}],"curies":[{"name":"wp","href":"https:\/\/api.w.org\/{rel}","templated":true}]}}