{"id":592,"date":"2019-12-11T09:03:28","date_gmt":"2019-12-11T08:03:28","guid":{"rendered":"https:\/\/tierpension-hof.ch\/?page_id=592"},"modified":"2020-03-22T11:12:20","modified_gmt":"2020-03-22T10:12:20","slug":"weihnachtsaktion-spar","status":"publish","type":"page","link":"https:\/\/tierpension-hof.ch\/?page_id=592","title":{"rendered":"Weihnachtsaktion SPAR"},"content":{"rendered":"\n<p>Wir wurden ausgew\u00e4hlt, um von der Weihnachtsaktion 2019 des SPAR in Schoeftland zu profitieren. Wir bedanken uns herzlich f\u00fcr die vielen Spenden! Danke!<\/p>\n\n\n\n<figure class=\"wp-block-image\"><a href=\"https:\/\/www.spar.ch\/\" target=\"_blank\" rel=\"noreferrer noopener\"><img loading=\"lazy\" decoding=\"async\" width=\"242\" height=\"39\" src=\"https:\/\/tierpension-hof.ch\/wp-content\/uploads\/2019\/12\/Spar.png\" alt=\"\" class=\"wp-image-593\"\/><\/a><\/figure>\n\n\n\n<div class=\"wp-block-file\"><a href=\"https:\/\/tierpension-hof.ch\/wp-content\/uploads\/2019\/12\/2019-Wir-danken-dem-SPAR.pdf\" target=\"_blank\" rel=\"noreferrer noopener\"> Um uns vorzustellen, haben wir eine kleine Information zusammengestellt. Sie kann hier heruntergeladen werden als PDF:  <\/a><a href=\"https:\/\/tierpension-hof.ch\/wp-content\/uploads\/2019\/12\/2019-Wir-danken-dem-SPAR.pdf\" class=\"wp-block-file__button\" download>Herunterladen<\/a><\/div>\n\n\n\n<p>Wir danken dem SPAR, dass wir von der\nWeihnachtsaktion profitieren d\u00fcrfen und uns hier vorstellen d\u00fcrfen.<\/p>\n\n\n\n<p>Tierpension\nHof &#8211; wer wir sind?<\/p>\n\n\n\n<ul class=\"wp-block-list\"><li>eine\nkleine Hunde- und Katzen Ferienpension in Sch\u00f6ftland<\/li><\/ul>\n\n\n\n<p>und ein\nRefugium f\u00fcr<\/p>\n\n\n\n<ul class=\"wp-block-list\"><li>ausgemusterte\nLegehennen<\/li><li>alte\nund ungewollte 12 Schafe und 9 Ziegen<\/li><li>zwei\nPonys, die ihr Zuhause vor vielen Jahren verloren haben<\/li><li>Hunde,\ndie nicht mehr platzierbar sind<\/li><li>Hunde,\ndie einen neuen Platz suchen<\/li><\/ul>\n\n\n\n<figure class=\"wp-block-image\"><img loading=\"lazy\" decoding=\"async\" width=\"1024\" height=\"417\" src=\"https:\/\/tierpension-hof.ch\/wp-content\/uploads\/2019\/12\/Unsere-Ziegen-Schafe-Ponys-1024x417.png\" alt=\"\" class=\"wp-image-595\" srcset=\"https:\/\/tierpension-hof.ch\/wp-content\/uploads\/2019\/12\/Unsere-Ziegen-Schafe-Ponys-1024x417.png 1024w, https:\/\/tierpension-hof.ch\/wp-content\/uploads\/2019\/12\/Unsere-Ziegen-Schafe-Ponys-300x122.png 300w, https:\/\/tierpension-hof.ch\/wp-content\/uploads\/2019\/12\/Unsere-Ziegen-Schafe-Ponys-768x313.png 768w, https:\/\/tierpension-hof.ch\/wp-content\/uploads\/2019\/12\/Unsere-Ziegen-Schafe-Ponys.png 1150w\" sizes=\"auto, (max-width: 1024px) 100vw, 1024px\" \/><\/figure>\n\n\n\n<p><em>Einige\nunserer Schafe, Ziegen sowie Archibald &amp; Joggeli<\/em><\/p>\n\n\n\n<p>Sie leben\nbei uns auf grossen Weiden und Ausl\u00e4ufen und geniessen ihren Lebensabend.<\/p>\n\n\n\n<p>Im Moment\nplanen wir einen neuen <strong>Trockenplatz f\u00fcr die Ponys, Schafe und Ziegen<\/strong>, da\nbei Regen der Platz vor dem grossen Stall oft matschig ist \u2013 darauf kommt dann\nim Fr\u00fchling noch ein kleiner \u00abSpielplatze\u00bb f\u00fcr unsere Ziegen. Die Kosten werden\nzirka 1&#8217;500.- sein im Total, f\u00fcr Paddock Platten, Kies zur Befestigung des\nUntergrunds und Holz f\u00fcr die Kletterbauten.<\/p>\n\n\n\n<p>Ihre finanzielle\nSpende kommt zu 100% diesem Projekt zugute und Sachspenden unseren Refugiumstieren.\n<strong>Herzlichen Dank!<\/strong><\/p>\n\n\n\n<p>Unsere\nWebseite: www.tierpension-hof.ch<\/p>\n\n\n\n<p>Wir danken dem SPAR, dass wir von der\nWeihnachtsaktion profitieren d\u00fcrfen und uns hier vorstellen d\u00fcrfen.<\/p>\n\n\n\n<p>Tierpension\nHof &#8211; wer wir sind?<\/p>\n\n\n\n<p>Seit mehr\nals 20 Jahren bieten wir in unserer kleinen Pension vor allem Hunden, aber auch\nKatzen, Ferienpl\u00e4tze an, damit die Besitzerinnen und Besitzer unbesorgt Ferien\nmachen k\u00f6nnen. Wir nehmen auch Hunde auf, die l\u00e4ngere Zeit bleiben m\u00fcssen, weil\nihre Besitzer krank sind. Von diesen Einnahmen bezahlen wir die L\u00f6hne unserer\nMitarbeitenden (Amanda und Philipp), den Unterhalt und auch die Kosten unseres\nkleinen Refugiums.<\/p>\n\n\n\n<p>Im Refugium\nleben 2 Ponys, 9 Ziegen, 12 Schafe, 15 H\u00fchner, davon die meisten aus\nMassenhaltung gerettet, und V\u00f6gel, die aus schlechter Haltung stammen oder aus\nsonstigen Gr\u00fcnden ihren Platz verloren haben. Sie leben bei uns auf grossen\nWeiden und Ausl\u00e4ufen und geniessen ihren Lebensabend.<\/p>\n\n\n\n<figure class=\"wp-block-image\"><img loading=\"lazy\" decoding=\"async\" width=\"710\" height=\"588\" src=\"https:\/\/tierpension-hof.ch\/wp-content\/uploads\/2019\/12\/Joggeli-und-Archibald.png\" alt=\"\" class=\"wp-image-597\" srcset=\"https:\/\/tierpension-hof.ch\/wp-content\/uploads\/2019\/12\/Joggeli-und-Archibald.png 710w, https:\/\/tierpension-hof.ch\/wp-content\/uploads\/2019\/12\/Joggeli-und-Archibald-300x248.png 300w\" sizes=\"auto, (max-width: 710px) 100vw, 710px\" \/><\/figure>\n\n\n\n<p><em>Joggeli\nund Archibald \u2013 beide sind 28 Jahre alt!<\/em><\/p>\n\n\n\n<p>Die Kosten\ndes Unterhalts sind recht hoch \u2013 dazu kommen auch Kosten f\u00fcr Tierarzt, wenn\neines der Tiere, die alle \u00e4lter sind, krank wird und Pflege braucht. Diese\nKosten tragen wir in der Regel selber. <\/p>\n\n\n\n<figure class=\"wp-block-image\"><img loading=\"lazy\" decoding=\"async\" width=\"937\" height=\"505\" src=\"https:\/\/tierpension-hof.ch\/wp-content\/uploads\/2019\/12\/Mia-und-Nepo-unsere-Ziegensenioren.png\" alt=\"\" class=\"wp-image-598\" srcset=\"https:\/\/tierpension-hof.ch\/wp-content\/uploads\/2019\/12\/Mia-und-Nepo-unsere-Ziegensenioren.png 937w, https:\/\/tierpension-hof.ch\/wp-content\/uploads\/2019\/12\/Mia-und-Nepo-unsere-Ziegensenioren-300x162.png 300w, https:\/\/tierpension-hof.ch\/wp-content\/uploads\/2019\/12\/Mia-und-Nepo-unsere-Ziegensenioren-768x414.png 768w\" sizes=\"auto, (max-width: 937px) 100vw, 937px\" \/><\/figure>\n\n\n\n<p><em>Mia und\nNepo, unsere Ziegensenioren<\/em><\/p>\n\n\n\n<p>Im Moment planen\nwir einen neuen Trockenplatz f\u00fcr die Ponys, Schafe und Ziegen, da bei Regen der\nPlatz vor dem grossen Stall oft matschig ist \u2013 darauf kommt dann im Fr\u00fchling\nnoch ein kleiner \u00abSpielplatze\u00bb f\u00fcr unsere Ziegen. Die Kosten werden zirka\n1&#8217;500.- sein im Total, f\u00fcr Paddock Platten, Kies zur Befestigung des\nUntergrunds und Holz f\u00fcr die Kletterbauten.<\/p>\n\n\n\n<p>Ihre Spende\nkommt zu 100% diesem Projekt zu gute.<\/p>\n\n\n\n<p>Beim oberen\nStall haben wir dies bereits realisiert \u2013 hier ein Bild vom Bau, mit Ziege\nJosephine \ud83d\ude0a<\/p>\n\n\n\n<figure class=\"wp-block-image\"><img loading=\"lazy\" decoding=\"async\" width=\"632\" height=\"784\" src=\"https:\/\/tierpension-hof.ch\/wp-content\/uploads\/2019\/12\/Josephine-begutachtet-die-Befestigung-vor-dem-oberen-Stall.png\" alt=\"\" class=\"wp-image-599\" srcset=\"https:\/\/tierpension-hof.ch\/wp-content\/uploads\/2019\/12\/Josephine-begutachtet-die-Befestigung-vor-dem-oberen-Stall.png 632w, https:\/\/tierpension-hof.ch\/wp-content\/uploads\/2019\/12\/Josephine-begutachtet-die-Befestigung-vor-dem-oberen-Stall-242x300.png 242w\" sizes=\"auto, (max-width: 632px) 100vw, 632px\" \/><\/figure>\n\n\n\n<p><em>Bau der\nUntergrundbefestigung beim oberen Stall &#8211; jetzt folgt der untere Platz, der\neiniges gr\u00f6sser ausfallen soll. <\/em><\/p>\n\n\n\n<p>Wir bieten oft jahrelang Hunden, die aufgrund ihres Alters, einer Krankheit oder ihres Wesens, nicht mehr platzierbar sind, ein sicheres Zuhause. Dieses Jahr starben leider Coco und Monti, die beide lange Jahre bei uns lebten, in hohem Alter. Mit unseren eigenen Hunden leben jetzt noch Oli und Harvey, zwei Whippets, die wir nach dem Tod ihres Besitzers \u00abgeerbt\u00bb haben, bei uns.<\/p>\n\n\n\n<ul class=\"wp-block-gallery columns-4 is-cropped wp-block-gallery-1 is-layout-flex wp-block-gallery-is-layout-flex\"><li class=\"blocks-gallery-item\"><figure><img loading=\"lazy\" decoding=\"async\" width=\"825\" height=\"736\" src=\"https:\/\/tierpension-hof.ch\/wp-content\/uploads\/2019\/12\/Coco.png\" alt=\"\" data-id=\"600\" data-link=\"https:\/\/tierpension-hof.ch\/?attachment_id=600\" class=\"wp-image-600\" srcset=\"https:\/\/tierpension-hof.ch\/wp-content\/uploads\/2019\/12\/Coco.png 825w, https:\/\/tierpension-hof.ch\/wp-content\/uploads\/2019\/12\/Coco-300x268.png 300w, https:\/\/tierpension-hof.ch\/wp-content\/uploads\/2019\/12\/Coco-768x685.png 768w\" sizes=\"auto, (max-width: 825px) 100vw, 825px\" \/><\/figure><\/li><li class=\"blocks-gallery-item\"><figure><img loading=\"lazy\" decoding=\"async\" width=\"618\" height=\"551\" src=\"https:\/\/tierpension-hof.ch\/wp-content\/uploads\/2019\/12\/Monti.png\" alt=\"\" data-id=\"602\" data-link=\"https:\/\/tierpension-hof.ch\/?attachment_id=602\" class=\"wp-image-602\" srcset=\"https:\/\/tierpension-hof.ch\/wp-content\/uploads\/2019\/12\/Monti.png 618w, https:\/\/tierpension-hof.ch\/wp-content\/uploads\/2019\/12\/Monti-300x267.png 300w\" sizes=\"auto, (max-width: 618px) 100vw, 618px\" \/><\/figure><\/li><li class=\"blocks-gallery-item\"><figure><img loading=\"lazy\" decoding=\"async\" width=\"476\" height=\"451\" src=\"https:\/\/tierpension-hof.ch\/wp-content\/uploads\/2019\/12\/Harvey.png\" alt=\"\" data-id=\"601\" data-link=\"https:\/\/tierpension-hof.ch\/?attachment_id=601\" class=\"wp-image-601\" srcset=\"https:\/\/tierpension-hof.ch\/wp-content\/uploads\/2019\/12\/Harvey.png 476w, https:\/\/tierpension-hof.ch\/wp-content\/uploads\/2019\/12\/Harvey-300x284.png 300w\" sizes=\"auto, (max-width: 476px) 100vw, 476px\" \/><\/figure><\/li><li class=\"blocks-gallery-item\"><figure><img loading=\"lazy\" decoding=\"async\" width=\"656\" height=\"711\" src=\"https:\/\/tierpension-hof.ch\/wp-content\/uploads\/2019\/12\/Oli-1.png\" alt=\"\" data-id=\"604\" data-link=\"https:\/\/tierpension-hof.ch\/?attachment_id=604\" class=\"wp-image-604\" srcset=\"https:\/\/tierpension-hof.ch\/wp-content\/uploads\/2019\/12\/Oli-1.png 656w, https:\/\/tierpension-hof.ch\/wp-content\/uploads\/2019\/12\/Oli-1-277x300.png 277w\" sizes=\"auto, (max-width: 656px) 100vw, 656px\" \/><\/figure><\/li><\/ul>\n\n\n\n<p><em>Coco \u2013 Monti \u2013 Harvey &#8211; Oli<\/em><em><\/em><\/p>\n\n\n\n<p>Auch haben\nwir immer wieder einzelne Hunde zu platzieren \u2013 im Moment sucht Pinto \u2013 ein wundersch\u00f6ner\nHusky-Schaefer Mischling einen Platz. <\/p>\n\n\n\n<figure class=\"wp-block-image\"><img loading=\"lazy\" decoding=\"async\" width=\"1024\" height=\"768\" src=\"https:\/\/tierpension-hof.ch\/wp-content\/uploads\/2019\/12\/Pino-2-1024x768.jpg\" alt=\"\" class=\"wp-image-605\" srcset=\"https:\/\/tierpension-hof.ch\/wp-content\/uploads\/2019\/12\/Pino-2-1024x768.jpg 1024w, https:\/\/tierpension-hof.ch\/wp-content\/uploads\/2019\/12\/Pino-2-300x225.jpg 300w, https:\/\/tierpension-hof.ch\/wp-content\/uploads\/2019\/12\/Pino-2-768x576.jpg 768w, https:\/\/tierpension-hof.ch\/wp-content\/uploads\/2019\/12\/Pino-2.jpg 2048w\" sizes=\"auto, (max-width: 1024px) 100vw, 1024px\" \/><\/figure>\n\n\n\n<p><em>Pino \u2013 er\nsucht einen Lebensplatz \u2013 Details auf unserer Webseite www.tierpension-hof.ch<\/em><\/p>\n\n\n\n<p>Wir\nimportieren keine Hunde aus dem Ausland, sondern helfen denjenigen Tieren, die\nhier, aus welchen Gr\u00fcnden auch immer, ihr Zuhause verloren haben und eine neue\nFamilie suchen.<\/p>\n\n\n\n<p>Wir sind\neine kleine Pension und es ist uns wichtig, Tierschutz im Kleinen direkt vor\nOrt zu machen \u2013 wir glauben daran, dass jeder etwas dazu beitragen kann, dass\ndie Welt etwas besser wird. <\/p>\n\n\n\n<p>Auch Sie k\u00f6nnen\nselber aktiv etwas tun \u2013 stellen Sie den V\u00f6geln Futterpl\u00e4tze zur Verf\u00fcgung und\nkaufen Sie jetzt Vogelfutter. Lassen Sie im Garten eine Ecke wild wuchern und\nim Winter stehen, pflanzen Sie einheimische Str\u00e4ucher anstatt ausl\u00e4ndische Ziergew\u00e4chse\n&#8211; diese dient vielen V\u00f6geln und auch Kleintieren als Schlafplatz und\nFutterstelle. Gehen Sie r\u00fccksichtsvoll mit allen Ressourcen um, die uns zur\nVerf\u00fcgung stehen.<\/p>\n\n\n\n<figure class=\"wp-block-image\"><img loading=\"lazy\" decoding=\"async\" width=\"1024\" height=\"569\" src=\"https:\/\/tierpension-hof.ch\/wp-content\/uploads\/2019\/12\/Unser-Huehnerhof-1024x569.png\" alt=\"\" class=\"wp-image-606\" srcset=\"https:\/\/tierpension-hof.ch\/wp-content\/uploads\/2019\/12\/Unser-Huehnerhof-1024x569.png 1024w, https:\/\/tierpension-hof.ch\/wp-content\/uploads\/2019\/12\/Unser-Huehnerhof-300x167.png 300w, https:\/\/tierpension-hof.ch\/wp-content\/uploads\/2019\/12\/Unser-Huehnerhof-768x427.png 768w, https:\/\/tierpension-hof.ch\/wp-content\/uploads\/2019\/12\/Unser-Huehnerhof.png 1152w\" sizes=\"auto, (max-width: 1024px) 100vw, 1024px\" \/><\/figure>\n\n\n\n<p><em>Unser\nH\u00fchnerhof \u2013 die B\u00e4nder sch\u00fctzen unsere H\u00fchner vor Greifv\u00f6geln<\/em><\/p>\n\n\n\n<p>Und eine ganz grosse Bitte: \u00dcberlegen Sich vor dem Kauf jedes Tieres gut, ob Sie es wirklich sein ganzes Leben lang halten werden wollen und kaufen Sie keine Hunde im Internet \u2013 das Elend dieser Hunde entsteht direkt dadurch, dass es K\u00e4ufer gibt, die denken, sie machen ein Schn\u00e4ppchen\u2026 googlen Sie nach \u00abWelpenhandel\u00bb.<\/p>\n\n\n\n<figure class=\"wp-block-image\"><img loading=\"lazy\" decoding=\"async\" width=\"639\" height=\"696\" src=\"https:\/\/tierpension-hof.ch\/wp-content\/uploads\/2019\/12\/Zucker.png\" alt=\"\" class=\"wp-image-607\" srcset=\"https:\/\/tierpension-hof.ch\/wp-content\/uploads\/2019\/12\/Zucker.png 639w, https:\/\/tierpension-hof.ch\/wp-content\/uploads\/2019\/12\/Zucker-275x300.png 275w\" sizes=\"auto, (max-width: 639px) 100vw, 639px\" \/><\/figure>\n\n\n\n<p><strong><br>\n<\/strong><\/p>\n\n\n\n<p>Wir w\u00fcnschen Ihnen wunderbare Weihnachten und ein gesundes\nneues Jahr<\/p>\n\n\n\n<p>Yvonne und\ndas ganze Team der Tierpension Hof<\/p>\n\n\n\n<figure class=\"wp-block-image\"><img loading=\"lazy\" decoding=\"async\" width=\"543\" height=\"328\" src=\"https:\/\/tierpension-hof.ch\/wp-content\/uploads\/2019\/12\/Visitenkarte.png\" alt=\"\" class=\"wp-image-608\" srcset=\"https:\/\/tierpension-hof.ch\/wp-content\/uploads\/2019\/12\/Visitenkarte.png 543w, https:\/\/tierpension-hof.ch\/wp-content\/uploads\/2019\/12\/Visitenkarte-300x181.png 300w\" sizes=\"auto, (max-width: 543px) 100vw, 543px\" \/><\/figure>\n\n\n\n<p><strong>PINO sucht einen Platz!<\/strong> &#8211; alle <a href=\"https:\/\/tierpension-hof.ch\/?page_id=176\">Infos zu Pino finden Sie hier.<\/a><\/p>\n","protected":false},"excerpt":{"rendered":"<p>Wir wurden ausgew\u00e4hlt, um von der Weihnachtsaktion 2019 des SPAR in Schoeftland zu profitieren. Wir bedanken uns herzlich f\u00fcr die vielen Spenden! Danke! Wir danken dem SPAR, dass wir von der Weihnachtsaktion profitieren d\u00fcrfen und uns hier vorstellen d\u00fcrfen. Tierpension Hof &#8211; wer wir sind? eine kleine Hunde- und Katzen Ferienpension in Sch\u00f6ftland und ein [&hellip;]<\/p>\n","protected":false},"author":1,"featured_media":0,"parent":0,"menu_order":0,"comment_status":"closed","ping_status":"closed","template":"","meta":{"footnotes":""},"class_list":["post-592","page","type-page","status-publish","hentry"],"_links":{"self":[{"href":"https:\/\/tierpension-hof.ch\/index.php?rest_route=\/wp\/v2\/pages\/592","targetHints":{"allow":["GET"]}}],"collection":[{"href":"https:\/\/tierpension-hof.ch\/index.php?rest_route=\/wp\/v2\/pages"}],"about":[{"href":"https:\/\/tierpension-hof.ch\/index.php?rest_route=\/wp\/v2\/types\/page"}],"author":[{"embeddable":true,"href":"https:\/\/tierpension-hof.ch\/index.php?rest_route=\/wp\/v2\/users\/1"}],"replies":[{"embeddable":true,"href":"https:\/\/tierpension-hof.ch\/index.php?rest_route=%2Fwp%2Fv2%2Fcomments&post=592"}],"version-history":[{"count":3,"href":"https:\/\/tierpension-hof.ch\/index.php?rest_route=\/wp\/v2\/pages\/592\/revisions"}],"predecessor-version":[{"id":614,"href":"https:\/\/tierpension-hof.ch\/index.php?rest_route=\/wp\/v2\/pages\/592\/revisions\/614"}],"wp:attachment":[{"href":"https:\/\/tierpension-hof.ch\/index.php?rest_route=%2Fwp%2Fv2%2Fmedia&parent=592"}],"curies":[{"name":"wp","href":"https:\/\/api.w.org\/{rel}","templated":true}]}}