{"id":362,"date":"2024-01-02T09:33:41","date_gmt":"2024-01-02T08:33:41","guid":{"rendered":"https:\/\/tierpension-hof.ch\/?page_id=362"},"modified":"2024-01-02T09:33:41","modified_gmt":"2024-01-02T08:33:41","slug":"unsere-anderen-tiere","status":"publish","type":"page","link":"https:\/\/tierpension-hof.ch\/?page_id=362","title":{"rendered":"Unsere anderen Tiere im Refugium"},"content":{"rendered":"\n<p><\/p>\n\n\n\n<figure class=\"wp-block-image\"><img loading=\"lazy\" decoding=\"async\" width=\"576\" height=\"768\" src=\"https:\/\/tierpension-hof.ch\/wp-content\/uploads\/2020\/05\/Paddockplatten-20200504-Copy.jpg\" alt=\"\" class=\"wp-image-761\" srcset=\"https:\/\/tierpension-hof.ch\/wp-content\/uploads\/2020\/05\/Paddockplatten-20200504-Copy.jpg 576w, https:\/\/tierpension-hof.ch\/wp-content\/uploads\/2020\/05\/Paddockplatten-20200504-Copy-225x300.jpg 225w\" sizes=\"auto, (max-width: 576px) 100vw, 576px\" \/><figcaption class=\"wp-element-caption\">Von Ruth Hess haben wir Paddockplatten gespendet erhalten, herzlichen Dank!<\/figcaption><\/figure>\n\n\n\n<p>Wir sammeln Spenden, um den Ziegen und Schafen einen sch\u00f6nen Trockenplatz zu gestalten, da der Bereich vor dem unteren Stall bei nassem Wetter sumpfig wird. Leider sind die Kosten f\u00fcr die notwendigen Paddockplatten recht hoch und \u00fcbersteigen unser Budget, wir setzen unseren Plan daher in Etappen um. <\/p>\n\n\n\n<p>Neben unseren Ferientieren und unseren Hunden leben bei uns 2 Ponys: Joggeli und Archibald, Schafe und Ziegen, H\u00fchner und V\u00f6gel. Fast alle haben wir aus schlechter Haltung \u00fcbernommen, resp. erhalten, weil sie nicht an ihrem bisherigen Platz bleiben konnten und alle bleiben bis an ihr Lebensende bei uns. Sie geniessen unsere grossen Weiden.<\/p>\n\n\n\n<figure class=\"wp-block-gallery has-nested-images columns-default is-cropped wp-block-gallery-1 is-layout-flex wp-block-gallery-is-layout-flex\">\n<figure class=\"wp-block-image\"><img loading=\"lazy\" decoding=\"async\" width=\"523\" height=\"686\" data-id=\"227\" src=\"https:\/\/tierpension-hof.ch\/wp-content\/uploads\/2019\/03\/tierpension-hof-2011-1.jpg\" alt=\"\" class=\"wp-image-227\" srcset=\"https:\/\/tierpension-hof.ch\/wp-content\/uploads\/2019\/03\/tierpension-hof-2011-1.jpg 523w, https:\/\/tierpension-hof.ch\/wp-content\/uploads\/2019\/03\/tierpension-hof-2011-1-229x300.jpg 229w\" sizes=\"auto, (max-width: 523px) 100vw, 523px\" \/><figcaption class=\"wp-element-caption\">Seit mehr als 40 Jahren haben wir eine kleine Herde Walliser Schwarznasenschafe<\/figcaption><\/figure>\n\n\n\n<figure class=\"wp-block-image\"><img loading=\"lazy\" decoding=\"async\" width=\"800\" height=\"449\" data-id=\"220\" src=\"https:\/\/tierpension-hof.ch\/wp-content\/uploads\/2019\/03\/Ninja-und-Penta-die-Ziege.jpg\" alt=\"\" class=\"wp-image-220\" srcset=\"https:\/\/tierpension-hof.ch\/wp-content\/uploads\/2019\/03\/Ninja-und-Penta-die-Ziege.jpg 800w, https:\/\/tierpension-hof.ch\/wp-content\/uploads\/2019\/03\/Ninja-und-Penta-die-Ziege-300x168.jpg 300w, https:\/\/tierpension-hof.ch\/wp-content\/uploads\/2019\/03\/Ninja-und-Penta-die-Ziege-768x431.jpg 768w\" sizes=\"auto, (max-width: 800px) 100vw, 800px\" \/><figcaption class=\"wp-element-caption\">Penta<\/figcaption><\/figure>\n\n\n\n<figure class=\"wp-block-image\"><img loading=\"lazy\" decoding=\"async\" width=\"454\" height=\"576\" data-id=\"216\" src=\"https:\/\/tierpension-hof.ch\/wp-content\/uploads\/2019\/03\/Joggeli-Dezember-2012.jpg\" alt=\"\" class=\"wp-image-216\" srcset=\"https:\/\/tierpension-hof.ch\/wp-content\/uploads\/2019\/03\/Joggeli-Dezember-2012.jpg 454w, https:\/\/tierpension-hof.ch\/wp-content\/uploads\/2019\/03\/Joggeli-Dezember-2012-236x300.jpg 236w\" sizes=\"auto, (max-width: 454px) 100vw, 454px\" \/><figcaption class=\"wp-element-caption\">Joggeli&#8217;s Mittagessen<\/figcaption><\/figure>\n\n\n\n<figure class=\"wp-block-image\"><img loading=\"lazy\" decoding=\"async\" width=\"765\" height=\"587\" data-id=\"217\" src=\"https:\/\/tierpension-hof.ch\/wp-content\/uploads\/2019\/03\/Josephine-Dezember-2012.jpg\" alt=\"\" class=\"wp-image-217\" srcset=\"https:\/\/tierpension-hof.ch\/wp-content\/uploads\/2019\/03\/Josephine-Dezember-2012.jpg 765w, https:\/\/tierpension-hof.ch\/wp-content\/uploads\/2019\/03\/Josephine-Dezember-2012-300x230.jpg 300w\" sizes=\"auto, (max-width: 765px) 100vw, 765px\" \/><figcaption class=\"wp-element-caption\">Josephine<\/figcaption><\/figure>\n\n\n\n<figure class=\"wp-block-image\"><img loading=\"lazy\" decoding=\"async\" width=\"452\" height=\"569\" data-id=\"205\" src=\"https:\/\/tierpension-hof.ch\/wp-content\/uploads\/2019\/03\/Archibald-Dezember-2012.jpg\" alt=\"\" class=\"wp-image-205\" srcset=\"https:\/\/tierpension-hof.ch\/wp-content\/uploads\/2019\/03\/Archibald-Dezember-2012.jpg 452w, https:\/\/tierpension-hof.ch\/wp-content\/uploads\/2019\/03\/Archibald-Dezember-2012-238x300.jpg 238w\" sizes=\"auto, (max-width: 452px) 100vw, 452px\" \/><figcaption class=\"wp-element-caption\">Archibald<\/figcaption><\/figure>\n\n\n\n<figure class=\"wp-block-image\"><img loading=\"lazy\" decoding=\"async\" width=\"1024\" height=\"569\" data-id=\"165\" src=\"https:\/\/tierpension-hof.ch\/wp-content\/uploads\/2019\/03\/Ziegen20171101-1024x569.jpeg\" alt=\"\" class=\"wp-image-165\" srcset=\"https:\/\/tierpension-hof.ch\/wp-content\/uploads\/2019\/03\/Ziegen20171101-1024x569.jpeg 1024w, https:\/\/tierpension-hof.ch\/wp-content\/uploads\/2019\/03\/Ziegen20171101-300x167.jpeg 300w, https:\/\/tierpension-hof.ch\/wp-content\/uploads\/2019\/03\/Ziegen20171101-768x427.jpeg 768w, https:\/\/tierpension-hof.ch\/wp-content\/uploads\/2019\/03\/Ziegen20171101-1568x871.jpeg 1568w, https:\/\/tierpension-hof.ch\/wp-content\/uploads\/2019\/03\/Ziegen20171101.jpeg 2016w\" sizes=\"auto, (max-width: 1024px) 100vw, 1024px\" \/><figcaption class=\"wp-element-caption\">Charlotte<\/figcaption><\/figure>\n\n\n\n<figure class=\"wp-block-image\"><img loading=\"lazy\" decoding=\"async\" width=\"1024\" height=\"575\" data-id=\"157\" src=\"https:\/\/tierpension-hof.ch\/wp-content\/uploads\/2019\/03\/WP_20141220_056-1024x575.jpg\" alt=\"\" class=\"wp-image-157\" srcset=\"https:\/\/tierpension-hof.ch\/wp-content\/uploads\/2019\/03\/WP_20141220_056-1024x575.jpg 1024w, https:\/\/tierpension-hof.ch\/wp-content\/uploads\/2019\/03\/WP_20141220_056-300x168.jpg 300w, https:\/\/tierpension-hof.ch\/wp-content\/uploads\/2019\/03\/WP_20141220_056-768x431.jpg 768w, https:\/\/tierpension-hof.ch\/wp-content\/uploads\/2019\/03\/WP_20141220_056-1568x880.jpg 1568w, https:\/\/tierpension-hof.ch\/wp-content\/uploads\/2019\/03\/WP_20141220_056.jpg 2016w\" sizes=\"auto, (max-width: 1024px) 100vw, 1024px\" \/><figcaption class=\"wp-element-caption\">Die meisten Huehner stammen aus Legeanstalten<\/figcaption><\/figure>\n\n\n\n<figure class=\"wp-block-image\"><img loading=\"lazy\" decoding=\"async\" width=\"1024\" height=\"768\" data-id=\"123\" src=\"https:\/\/tierpension-hof.ch\/wp-content\/uploads\/2019\/03\/WP_003634-1024x768.jpg\" alt=\"\" class=\"wp-image-123\" srcset=\"https:\/\/tierpension-hof.ch\/wp-content\/uploads\/2019\/03\/WP_003634-1024x768.jpg 1024w, https:\/\/tierpension-hof.ch\/wp-content\/uploads\/2019\/03\/WP_003634-300x225.jpg 300w, https:\/\/tierpension-hof.ch\/wp-content\/uploads\/2019\/03\/WP_003634-768x576.jpg 768w, https:\/\/tierpension-hof.ch\/wp-content\/uploads\/2019\/03\/WP_003634-1568x1176.jpg 1568w, https:\/\/tierpension-hof.ch\/wp-content\/uploads\/2019\/03\/WP_003634.jpg 1923w\" sizes=\"auto, (max-width: 1024px) 100vw, 1024px\" \/><figcaption class=\"wp-element-caption\">Die Ziegen sind sich an neugierige Hunde gewohnt<\/figcaption><\/figure>\n\n\n\n<figure class=\"wp-block-image\"><img loading=\"lazy\" decoding=\"async\" width=\"1024\" height=\"768\" data-id=\"119\" src=\"https:\/\/tierpension-hof.ch\/wp-content\/uploads\/2019\/03\/WP_003043-1024x768.jpg\" alt=\"\" class=\"wp-image-119\" srcset=\"https:\/\/tierpension-hof.ch\/wp-content\/uploads\/2019\/03\/WP_003043-1024x768.jpg 1024w, https:\/\/tierpension-hof.ch\/wp-content\/uploads\/2019\/03\/WP_003043-300x225.jpg 300w, https:\/\/tierpension-hof.ch\/wp-content\/uploads\/2019\/03\/WP_003043-768x576.jpg 768w, https:\/\/tierpension-hof.ch\/wp-content\/uploads\/2019\/03\/WP_003043-1568x1176.jpg 1568w, https:\/\/tierpension-hof.ch\/wp-content\/uploads\/2019\/03\/WP_003043.jpg 1923w\" sizes=\"auto, (max-width: 1024px) 100vw, 1024px\" \/><figcaption class=\"wp-element-caption\">Joggeli und Sara, die leider gestorben ist<\/figcaption><\/figure>\n\n\n\n<figure class=\"wp-block-image\"><img loading=\"lazy\" decoding=\"async\" width=\"768\" height=\"1024\" data-id=\"112\" src=\"https:\/\/tierpension-hof.ch\/wp-content\/uploads\/2019\/03\/WP_002559-768x1024.jpg\" alt=\"\" class=\"wp-image-112\" srcset=\"https:\/\/tierpension-hof.ch\/wp-content\/uploads\/2019\/03\/WP_002559-768x1024.jpg 768w, https:\/\/tierpension-hof.ch\/wp-content\/uploads\/2019\/03\/WP_002559-225x300.jpg 225w, https:\/\/tierpension-hof.ch\/wp-content\/uploads\/2019\/03\/WP_002559.jpg 1082w\" sizes=\"auto, (max-width: 768px) 100vw, 768px\" \/><figcaption class=\"wp-element-caption\">Archibald<\/figcaption><\/figure>\n\n\n\n<figure class=\"wp-block-image\"><img loading=\"lazy\" decoding=\"async\" width=\"1024\" height=\"768\" data-id=\"110\" src=\"https:\/\/tierpension-hof.ch\/wp-content\/uploads\/2019\/03\/WP_002399-1024x768.jpg\" alt=\"\" class=\"wp-image-110\" srcset=\"https:\/\/tierpension-hof.ch\/wp-content\/uploads\/2019\/03\/WP_002399-1024x768.jpg 1024w, https:\/\/tierpension-hof.ch\/wp-content\/uploads\/2019\/03\/WP_002399-300x225.jpg 300w, https:\/\/tierpension-hof.ch\/wp-content\/uploads\/2019\/03\/WP_002399-768x576.jpg 768w, https:\/\/tierpension-hof.ch\/wp-content\/uploads\/2019\/03\/WP_002399-1568x1176.jpg 1568w, https:\/\/tierpension-hof.ch\/wp-content\/uploads\/2019\/03\/WP_002399.jpg 1923w\" sizes=\"auto, (max-width: 1024px) 100vw, 1024px\" \/><figcaption class=\"wp-element-caption\">Archibald<\/figcaption><\/figure>\n\n\n\n<figure class=\"wp-block-image\"><img loading=\"lazy\" decoding=\"async\" width=\"1024\" height=\"768\" data-id=\"109\" src=\"https:\/\/tierpension-hof.ch\/wp-content\/uploads\/2019\/03\/WP_002384-1024x768.jpg\" alt=\"\" class=\"wp-image-109\" srcset=\"https:\/\/tierpension-hof.ch\/wp-content\/uploads\/2019\/03\/WP_002384-1024x768.jpg 1024w, https:\/\/tierpension-hof.ch\/wp-content\/uploads\/2019\/03\/WP_002384-300x225.jpg 300w, https:\/\/tierpension-hof.ch\/wp-content\/uploads\/2019\/03\/WP_002384-768x576.jpg 768w, https:\/\/tierpension-hof.ch\/wp-content\/uploads\/2019\/03\/WP_002384-1568x1176.jpg 1568w, https:\/\/tierpension-hof.ch\/wp-content\/uploads\/2019\/03\/WP_002384.jpg 1923w\" sizes=\"auto, (max-width: 1024px) 100vw, 1024px\" \/><figcaption class=\"wp-element-caption\">Pferde<\/figcaption><\/figure>\n\n\n\n<figure class=\"wp-block-image\"><img loading=\"lazy\" decoding=\"async\" width=\"1024\" height=\"766\" data-id=\"96\" src=\"https:\/\/tierpension-hof.ch\/wp-content\/uploads\/2019\/03\/Schafe20170826-1024x766.jpg\" alt=\"\" class=\"wp-image-96\" srcset=\"https:\/\/tierpension-hof.ch\/wp-content\/uploads\/2019\/03\/Schafe20170826-1024x766.jpg 1024w, https:\/\/tierpension-hof.ch\/wp-content\/uploads\/2019\/03\/Schafe20170826-300x224.jpg 300w, https:\/\/tierpension-hof.ch\/wp-content\/uploads\/2019\/03\/Schafe20170826-768x574.jpg 768w, https:\/\/tierpension-hof.ch\/wp-content\/uploads\/2019\/03\/Schafe20170826-1568x1173.jpg 1568w, https:\/\/tierpension-hof.ch\/wp-content\/uploads\/2019\/03\/Schafe20170826.jpg 1928w\" sizes=\"auto, (max-width: 1024px) 100vw, 1024px\" \/><figcaption class=\"wp-element-caption\">Schafe<\/figcaption><\/figure>\n\n\n\n<figure class=\"wp-block-image\"><img loading=\"lazy\" decoding=\"async\" width=\"1024\" height=\"768\" data-id=\"81\" src=\"https:\/\/tierpension-hof.ch\/wp-content\/uploads\/2019\/03\/Joggeli20180429-1024x768.jpg\" alt=\"\" class=\"wp-image-81\" srcset=\"https:\/\/tierpension-hof.ch\/wp-content\/uploads\/2019\/03\/Joggeli20180429-1024x768.jpg 1024w, https:\/\/tierpension-hof.ch\/wp-content\/uploads\/2019\/03\/Joggeli20180429-300x225.jpg 300w, https:\/\/tierpension-hof.ch\/wp-content\/uploads\/2019\/03\/Joggeli20180429-768x576.jpg 768w, https:\/\/tierpension-hof.ch\/wp-content\/uploads\/2019\/03\/Joggeli20180429-1568x1176.jpg 1568w, https:\/\/tierpension-hof.ch\/wp-content\/uploads\/2019\/03\/Joggeli20180429.jpg 1923w\" sizes=\"auto, (max-width: 1024px) 100vw, 1024px\" \/><figcaption class=\"wp-element-caption\">Hin und wieder braucht es ein Bad..<\/figcaption><\/figure>\n\n\n\n<figure class=\"wp-block-image\"><img loading=\"lazy\" decoding=\"async\" width=\"1024\" height=\"768\" data-id=\"71\" src=\"https:\/\/tierpension-hof.ch\/wp-content\/uploads\/2019\/03\/Archi20180429-1024x768.jpg\" alt=\"\" class=\"wp-image-71\" srcset=\"https:\/\/tierpension-hof.ch\/wp-content\/uploads\/2019\/03\/Archi20180429-1024x768.jpg 1024w, https:\/\/tierpension-hof.ch\/wp-content\/uploads\/2019\/03\/Archi20180429-300x225.jpg 300w, https:\/\/tierpension-hof.ch\/wp-content\/uploads\/2019\/03\/Archi20180429-768x576.jpg 768w, https:\/\/tierpension-hof.ch\/wp-content\/uploads\/2019\/03\/Archi20180429-1568x1176.jpg 1568w, https:\/\/tierpension-hof.ch\/wp-content\/uploads\/2019\/03\/Archi20180429.jpg 1923w\" sizes=\"auto, (max-width: 1024px) 100vw, 1024px\" \/><figcaption class=\"wp-element-caption\">Archibal&#8217;s Fruehlingsbad.. er sch\u00e4tzt es nicht so sehr<\/figcaption><\/figure>\n\n\n\n<figure class=\"wp-block-image\"><img loading=\"lazy\" decoding=\"async\" width=\"1024\" height=\"766\" data-id=\"67\" src=\"https:\/\/tierpension-hof.ch\/wp-content\/uploads\/2019\/03\/2017021810-1024x766.jpg\" alt=\"\" class=\"wp-image-67\" srcset=\"https:\/\/tierpension-hof.ch\/wp-content\/uploads\/2019\/03\/2017021810-1024x766.jpg 1024w, https:\/\/tierpension-hof.ch\/wp-content\/uploads\/2019\/03\/2017021810-300x224.jpg 300w, https:\/\/tierpension-hof.ch\/wp-content\/uploads\/2019\/03\/2017021810-768x574.jpg 768w, https:\/\/tierpension-hof.ch\/wp-content\/uploads\/2019\/03\/2017021810-1568x1173.jpg 1568w, https:\/\/tierpension-hof.ch\/wp-content\/uploads\/2019\/03\/2017021810.jpg 1928w\" sizes=\"auto, (max-width: 1024px) 100vw, 1024px\" \/><figcaption class=\"wp-element-caption\">Hunde und Schafe<\/figcaption><\/figure>\n\n\n\n<figure class=\"wp-block-image\"><img loading=\"lazy\" decoding=\"async\" width=\"1024\" height=\"766\" data-id=\"50\" src=\"https:\/\/tierpension-hof.ch\/wp-content\/uploads\/2019\/03\/201702183-1024x766.jpg\" alt=\"\" class=\"wp-image-50\" srcset=\"https:\/\/tierpension-hof.ch\/wp-content\/uploads\/2019\/03\/201702183-1024x766.jpg 1024w, https:\/\/tierpension-hof.ch\/wp-content\/uploads\/2019\/03\/201702183-300x224.jpg 300w, https:\/\/tierpension-hof.ch\/wp-content\/uploads\/2019\/03\/201702183-768x574.jpg 768w, https:\/\/tierpension-hof.ch\/wp-content\/uploads\/2019\/03\/201702183-1568x1173.jpg 1568w, https:\/\/tierpension-hof.ch\/wp-content\/uploads\/2019\/03\/201702183.jpg 1928w\" sizes=\"auto, (max-width: 1024px) 100vw, 1024px\" \/><figcaption class=\"wp-element-caption\">Raleigh bestaunt die Schafe<\/figcaption><\/figure>\n\n\n\n<figure class=\"wp-block-image\"><img loading=\"lazy\" decoding=\"async\" width=\"1024\" height=\"575\" data-id=\"20\" src=\"https:\/\/tierpension-hof.ch\/wp-content\/uploads\/2019\/03\/200-1024x575.jpg\" alt=\"\" class=\"wp-image-20\" srcset=\"https:\/\/tierpension-hof.ch\/wp-content\/uploads\/2019\/03\/200-1024x575.jpg 1024w, https:\/\/tierpension-hof.ch\/wp-content\/uploads\/2019\/03\/200-300x168.jpg 300w, https:\/\/tierpension-hof.ch\/wp-content\/uploads\/2019\/03\/200-768x431.jpg 768w, https:\/\/tierpension-hof.ch\/wp-content\/uploads\/2019\/03\/200-1568x880.jpg 1568w, https:\/\/tierpension-hof.ch\/wp-content\/uploads\/2019\/03\/200.jpg 2016w\" sizes=\"auto, (max-width: 1024px) 100vw, 1024px\" \/><figcaption class=\"wp-element-caption\">Ja, was ist?<\/figcaption><\/figure>\n\n\n\n<figure class=\"wp-block-image\"><img loading=\"lazy\" decoding=\"async\" width=\"1024\" height=\"768\" data-id=\"792\" src=\"https:\/\/tierpension-hof.ch\/wp-content\/uploads\/2020\/07\/Schafe-Ziegen-Copy-1024x768.jpg\" alt=\"\" class=\"wp-image-792\" srcset=\"https:\/\/tierpension-hof.ch\/wp-content\/uploads\/2020\/07\/Schafe-Ziegen-Copy.jpg 1024w, https:\/\/tierpension-hof.ch\/wp-content\/uploads\/2020\/07\/Schafe-Ziegen-Copy-300x225.jpg 300w, https:\/\/tierpension-hof.ch\/wp-content\/uploads\/2020\/07\/Schafe-Ziegen-Copy-768x576.jpg 768w\" sizes=\"auto, (max-width: 1024px) 100vw, 1024px\" \/><figcaption class=\"wp-element-caption\">Die Schafe und Ziegen<\/figcaption><\/figure>\n\n\n\n<figure class=\"wp-block-image\"><img loading=\"lazy\" decoding=\"async\" width=\"1024\" height=\"768\" data-id=\"793\" src=\"https:\/\/tierpension-hof.ch\/wp-content\/uploads\/2020\/07\/Sommergaeste-Copy-1024x768.jpg\" alt=\"\" class=\"wp-image-793\" srcset=\"https:\/\/tierpension-hof.ch\/wp-content\/uploads\/2020\/07\/Sommergaeste-Copy.jpg 1024w, https:\/\/tierpension-hof.ch\/wp-content\/uploads\/2020\/07\/Sommergaeste-Copy-300x225.jpg 300w, https:\/\/tierpension-hof.ch\/wp-content\/uploads\/2020\/07\/Sommergaeste-Copy-768x576.jpg 768w\" sizes=\"auto, (max-width: 1024px) 100vw, 1024px\" \/><figcaption class=\"wp-element-caption\">Sommerg\u00e4ste<\/figcaption><\/figure>\n\n\n\n<figure class=\"wp-block-image\"><img loading=\"lazy\" decoding=\"async\" width=\"576\" height=\"768\" data-id=\"769\" src=\"https:\/\/tierpension-hof.ch\/wp-content\/uploads\/2020\/07\/Begegnung-Copy.jpg\" alt=\"\" class=\"wp-image-769\" srcset=\"https:\/\/tierpension-hof.ch\/wp-content\/uploads\/2020\/07\/Begegnung-Copy.jpg 576w, https:\/\/tierpension-hof.ch\/wp-content\/uploads\/2020\/07\/Begegnung-Copy-225x300.jpg 225w\" sizes=\"auto, (max-width: 576px) 100vw, 576px\" \/><figcaption class=\"wp-element-caption\">Archi und Joggie begutachten die Sommerg\u00e4ste.. <\/figcaption><\/figure>\n<\/figure>\n","protected":false},"excerpt":{"rendered":"<p>Wir sammeln Spenden, um den Ziegen und Schafen einen sch\u00f6nen Trockenplatz zu gestalten, da der Bereich vor dem unteren Stall bei nassem Wetter sumpfig wird. Leider sind die Kosten f\u00fcr die notwendigen Paddockplatten recht hoch und \u00fcbersteigen unser Budget, wir setzen unseren Plan daher in Etappen um. Neben unseren Ferientieren und unseren Hunden leben bei [&hellip;]<\/p>\n","protected":false},"author":1,"featured_media":0,"parent":0,"menu_order":0,"comment_status":"closed","ping_status":"closed","template":"","meta":{"footnotes":""},"class_list":["post-362","page","type-page","status-publish","hentry"],"_links":{"self":[{"href":"https:\/\/tierpension-hof.ch\/index.php?rest_route=\/wp\/v2\/pages\/362","targetHints":{"allow":["GET"]}}],"collection":[{"href":"https:\/\/tierpension-hof.ch\/index.php?rest_route=\/wp\/v2\/pages"}],"about":[{"href":"https:\/\/tierpension-hof.ch\/index.php?rest_route=\/wp\/v2\/types\/page"}],"author":[{"embeddable":true,"href":"https:\/\/tierpension-hof.ch\/index.php?rest_route=\/wp\/v2\/users\/1"}],"replies":[{"embeddable":true,"href":"https:\/\/tierpension-hof.ch\/index.php?rest_route=%2Fwp%2Fv2%2Fcomments&post=362"}],"version-history":[{"count":9,"href":"https:\/\/tierpension-hof.ch\/index.php?rest_route=\/wp\/v2\/pages\/362\/revisions"}],"predecessor-version":[{"id":990,"href":"https:\/\/tierpension-hof.ch\/index.php?rest_route=\/wp\/v2\/pages\/362\/revisions\/990"}],"wp:attachment":[{"href":"https:\/\/tierpension-hof.ch\/index.php?rest_route=%2Fwp%2Fv2%2Fmedia&parent=362"}],"curies":[{"name":"wp","href":"https:\/\/api.w.org\/{rel}","templated":true}]}}