{"id":176,"date":"2022-11-09T13:59:00","date_gmt":"2022-11-09T12:59:00","guid":{"rendered":"https:\/\/tierpension-hof.ch\/?page_id=176"},"modified":"2024-10-13T19:13:01","modified_gmt":"2024-10-13T17:13:01","slug":"platz-gesucht","status":"publish","type":"page","link":"https:\/\/tierpension-hof.ch\/?page_id=176","title":{"rendered":"Platz gesucht"},"content":{"rendered":"\n<p><a href=\"https:\/\/bsin.ch\/zuhause-gesucht-pflegehunde\/\" target=\"_blank\" rel=\"noreferrer noopener\">Nura, unsere super liebe, spezielle 9 Jahre alte Entlebucher H\u00fcndin sucht einen neuen Lebensplatz bei Menschen, die den speziellen Charme von Entlebuchern verstehen.<\/a> Sie wird \u00fcber Berner Sennenhunde in Not vermittelt.<\/p>\n\n\n\n<figure class=\"wp-block-gallery has-nested-images columns-default is-cropped wp-block-gallery-1 is-layout-flex wp-block-gallery-is-layout-flex\">\n<figure class=\"wp-block-image size-large\"><img loading=\"lazy\" decoding=\"async\" width=\"1024\" height=\"684\" data-id=\"1011\" src=\"https:\/\/tierpension-hof.ch\/wp-content\/uploads\/2024\/06\/4c45c0c0-814f-400a-a020-ff168d72ee16-1024x684.jpg\" alt=\"\" class=\"wp-image-1011\" srcset=\"https:\/\/tierpension-hof.ch\/wp-content\/uploads\/2024\/06\/4c45c0c0-814f-400a-a020-ff168d72ee16-1024x684.jpg 1024w, https:\/\/tierpension-hof.ch\/wp-content\/uploads\/2024\/06\/4c45c0c0-814f-400a-a020-ff168d72ee16-300x200.jpg 300w, https:\/\/tierpension-hof.ch\/wp-content\/uploads\/2024\/06\/4c45c0c0-814f-400a-a020-ff168d72ee16-768x513.jpg 768w, https:\/\/tierpension-hof.ch\/wp-content\/uploads\/2024\/06\/4c45c0c0-814f-400a-a020-ff168d72ee16.jpg 1238w\" sizes=\"auto, (max-width: 1024px) 100vw, 1024px\" \/><\/figure>\n\n\n\n<figure class=\"wp-block-image size-large\"><img loading=\"lazy\" decoding=\"async\" width=\"1024\" height=\"684\" data-id=\"1012\" src=\"https:\/\/tierpension-hof.ch\/wp-content\/uploads\/2024\/06\/250cbe46-0688-499d-a7d6-58a624ef61cb-1024x684.jpg\" alt=\"\" class=\"wp-image-1012\" srcset=\"https:\/\/tierpension-hof.ch\/wp-content\/uploads\/2024\/06\/250cbe46-0688-499d-a7d6-58a624ef61cb-1024x684.jpg 1024w, https:\/\/tierpension-hof.ch\/wp-content\/uploads\/2024\/06\/250cbe46-0688-499d-a7d6-58a624ef61cb-300x200.jpg 300w, https:\/\/tierpension-hof.ch\/wp-content\/uploads\/2024\/06\/250cbe46-0688-499d-a7d6-58a624ef61cb-768x513.jpg 768w, https:\/\/tierpension-hof.ch\/wp-content\/uploads\/2024\/06\/250cbe46-0688-499d-a7d6-58a624ef61cb.jpg 1238w\" sizes=\"auto, (max-width: 1024px) 100vw, 1024px\" \/><\/figure>\n\n\n\n<figure class=\"wp-block-image size-large\"><img loading=\"lazy\" decoding=\"async\" width=\"1024\" height=\"684\" data-id=\"1013\" src=\"https:\/\/tierpension-hof.ch\/wp-content\/uploads\/2024\/06\/60a7a5ab-0020-4ed0-aeed-6889becabb23-1024x684.jpg\" alt=\"\" class=\"wp-image-1013\" srcset=\"https:\/\/tierpension-hof.ch\/wp-content\/uploads\/2024\/06\/60a7a5ab-0020-4ed0-aeed-6889becabb23-1024x684.jpg 1024w, https:\/\/tierpension-hof.ch\/wp-content\/uploads\/2024\/06\/60a7a5ab-0020-4ed0-aeed-6889becabb23-300x200.jpg 300w, https:\/\/tierpension-hof.ch\/wp-content\/uploads\/2024\/06\/60a7a5ab-0020-4ed0-aeed-6889becabb23-768x513.jpg 768w, https:\/\/tierpension-hof.ch\/wp-content\/uploads\/2024\/06\/60a7a5ab-0020-4ed0-aeed-6889becabb23.jpg 1238w\" sizes=\"auto, (max-width: 1024px) 100vw, 1024px\" \/><\/figure>\n\n\n\n<figure class=\"wp-block-image size-large\"><img loading=\"lazy\" decoding=\"async\" width=\"1024\" height=\"684\" data-id=\"1014\" src=\"https:\/\/tierpension-hof.ch\/wp-content\/uploads\/2024\/06\/ed70ba48-910f-4179-b29d-96b63b085d04-1024x684.jpg\" alt=\"\" class=\"wp-image-1014\" srcset=\"https:\/\/tierpension-hof.ch\/wp-content\/uploads\/2024\/06\/ed70ba48-910f-4179-b29d-96b63b085d04-1024x684.jpg 1024w, https:\/\/tierpension-hof.ch\/wp-content\/uploads\/2024\/06\/ed70ba48-910f-4179-b29d-96b63b085d04-300x200.jpg 300w, https:\/\/tierpension-hof.ch\/wp-content\/uploads\/2024\/06\/ed70ba48-910f-4179-b29d-96b63b085d04-768x513.jpg 768w, https:\/\/tierpension-hof.ch\/wp-content\/uploads\/2024\/06\/ed70ba48-910f-4179-b29d-96b63b085d04.jpg 1238w\" sizes=\"auto, (max-width: 1024px) 100vw, 1024px\" \/><\/figure>\n\n\n\n<figure class=\"wp-block-image size-large\"><img loading=\"lazy\" decoding=\"async\" width=\"1024\" height=\"684\" data-id=\"1015\" src=\"https:\/\/tierpension-hof.ch\/wp-content\/uploads\/2024\/06\/ca6d7ea3-cf5d-42e9-bc1a-98677b7c09ed-1024x684.jpg\" alt=\"\" class=\"wp-image-1015\" srcset=\"https:\/\/tierpension-hof.ch\/wp-content\/uploads\/2024\/06\/ca6d7ea3-cf5d-42e9-bc1a-98677b7c09ed-1024x684.jpg 1024w, https:\/\/tierpension-hof.ch\/wp-content\/uploads\/2024\/06\/ca6d7ea3-cf5d-42e9-bc1a-98677b7c09ed-300x200.jpg 300w, https:\/\/tierpension-hof.ch\/wp-content\/uploads\/2024\/06\/ca6d7ea3-cf5d-42e9-bc1a-98677b7c09ed-768x513.jpg 768w, https:\/\/tierpension-hof.ch\/wp-content\/uploads\/2024\/06\/ca6d7ea3-cf5d-42e9-bc1a-98677b7c09ed.jpg 1238w\" sizes=\"auto, (max-width: 1024px) 100vw, 1024px\" \/><\/figure>\n<\/figure>\n\n\n\n<p><a href=\"https:\/\/tierpension-hof.ch\/wp-content\/uploads\/2024\/06\/Pro-Levrier-2024-Dane-Boernet.pdf\" data-type=\"attachment\" data-id=\"1000\" target=\"_blank\" rel=\"noreferrer noopener\">Dane und Boernet, 5 Jahre alte Show-Greyhounds wurden vermittelt.<\/a> Sie wurden \u00fcber den Pro Levrier vermittelt.<\/p>\n\n\n\n<figure class=\"wp-block-gallery has-nested-images columns-default is-cropped wp-block-gallery-2 is-layout-flex wp-block-gallery-is-layout-flex\">\n<figure class=\"wp-block-image size-large\"><img loading=\"lazy\" decoding=\"async\" width=\"473\" height=\"1024\" data-id=\"1004\" src=\"https:\/\/tierpension-hof.ch\/wp-content\/uploads\/2024\/06\/Boernet-473x1024.jpg\" alt=\"\" class=\"wp-image-1004\" srcset=\"https:\/\/tierpension-hof.ch\/wp-content\/uploads\/2024\/06\/Boernet-473x1024.jpg 473w, https:\/\/tierpension-hof.ch\/wp-content\/uploads\/2024\/06\/Boernet-139x300.jpg 139w, https:\/\/tierpension-hof.ch\/wp-content\/uploads\/2024\/06\/Boernet-768x1663.jpg 768w, https:\/\/tierpension-hof.ch\/wp-content\/uploads\/2024\/06\/Boernet-710x1536.jpg 710w, https:\/\/tierpension-hof.ch\/wp-content\/uploads\/2024\/06\/Boernet.jpg 874w\" sizes=\"auto, (max-width: 473px) 100vw, 473px\" \/><\/figure>\n\n\n\n<figure class=\"wp-block-image size-large\"><img loading=\"lazy\" decoding=\"async\" width=\"768\" height=\"1024\" data-id=\"1005\" src=\"https:\/\/tierpension-hof.ch\/wp-content\/uploads\/2024\/06\/Boernet2-768x1024.jpg\" alt=\"\" class=\"wp-image-1005\" srcset=\"https:\/\/tierpension-hof.ch\/wp-content\/uploads\/2024\/06\/Boernet2-768x1024.jpg 768w, https:\/\/tierpension-hof.ch\/wp-content\/uploads\/2024\/06\/Boernet2-225x300.jpg 225w, https:\/\/tierpension-hof.ch\/wp-content\/uploads\/2024\/06\/Boernet2-1152x1536.jpg 1152w, https:\/\/tierpension-hof.ch\/wp-content\/uploads\/2024\/06\/Boernet2.jpg 1512w\" sizes=\"auto, (max-width: 768px) 100vw, 768px\" \/><\/figure>\n\n\n\n<figure class=\"wp-block-image size-large\"><img loading=\"lazy\" decoding=\"async\" width=\"768\" height=\"1024\" data-id=\"1010\" src=\"https:\/\/tierpension-hof.ch\/wp-content\/uploads\/2024\/06\/Dane-768x1024.jpg\" alt=\"\" class=\"wp-image-1010\" srcset=\"https:\/\/tierpension-hof.ch\/wp-content\/uploads\/2024\/06\/Dane-768x1024.jpg 768w, https:\/\/tierpension-hof.ch\/wp-content\/uploads\/2024\/06\/Dane-225x300.jpg 225w, https:\/\/tierpension-hof.ch\/wp-content\/uploads\/2024\/06\/Dane-1152x1536.jpg 1152w, https:\/\/tierpension-hof.ch\/wp-content\/uploads\/2024\/06\/Dane.jpg 1512w\" sizes=\"auto, (max-width: 768px) 100vw, 768px\" \/><\/figure>\n\n\n\n<figure class=\"wp-block-image size-large\"><img loading=\"lazy\" decoding=\"async\" width=\"768\" height=\"1024\" data-id=\"1009\" src=\"https:\/\/tierpension-hof.ch\/wp-content\/uploads\/2024\/06\/Dane-Boernet-768x1024.jpg\" alt=\"\" class=\"wp-image-1009\" srcset=\"https:\/\/tierpension-hof.ch\/wp-content\/uploads\/2024\/06\/Dane-Boernet-768x1024.jpg 768w, https:\/\/tierpension-hof.ch\/wp-content\/uploads\/2024\/06\/Dane-Boernet-225x300.jpg 225w, https:\/\/tierpension-hof.ch\/wp-content\/uploads\/2024\/06\/Dane-Boernet-1152x1536.jpg 1152w, https:\/\/tierpension-hof.ch\/wp-content\/uploads\/2024\/06\/Dane-Boernet.jpg 1512w\" sizes=\"auto, (max-width: 768px) 100vw, 768px\" \/><\/figure>\n\n\n\n<figure class=\"wp-block-image size-large\"><img loading=\"lazy\" decoding=\"async\" width=\"768\" height=\"1024\" data-id=\"1008\" src=\"https:\/\/tierpension-hof.ch\/wp-content\/uploads\/2024\/06\/Dane-Boernet-2-768x1024.jpg\" alt=\"\" class=\"wp-image-1008\" srcset=\"https:\/\/tierpension-hof.ch\/wp-content\/uploads\/2024\/06\/Dane-Boernet-2-768x1024.jpg 768w, https:\/\/tierpension-hof.ch\/wp-content\/uploads\/2024\/06\/Dane-Boernet-2-225x300.jpg 225w, https:\/\/tierpension-hof.ch\/wp-content\/uploads\/2024\/06\/Dane-Boernet-2-1152x1536.jpg 1152w, https:\/\/tierpension-hof.ch\/wp-content\/uploads\/2024\/06\/Dane-Boernet-2.jpg 1512w\" sizes=\"auto, (max-width: 768px) 100vw, 768px\" \/><\/figure>\n\n\n\n<figure class=\"wp-block-image size-large\"><img loading=\"lazy\" decoding=\"async\" width=\"849\" height=\"1024\" data-id=\"1006\" src=\"https:\/\/tierpension-hof.ch\/wp-content\/uploads\/2024\/06\/Dane-Boernet-Kuscheln-849x1024.jpg\" alt=\"\" class=\"wp-image-1006\" srcset=\"https:\/\/tierpension-hof.ch\/wp-content\/uploads\/2024\/06\/Dane-Boernet-Kuscheln-849x1024.jpg 849w, https:\/\/tierpension-hof.ch\/wp-content\/uploads\/2024\/06\/Dane-Boernet-Kuscheln-249x300.jpg 249w, https:\/\/tierpension-hof.ch\/wp-content\/uploads\/2024\/06\/Dane-Boernet-Kuscheln-768x926.jpg 768w, https:\/\/tierpension-hof.ch\/wp-content\/uploads\/2024\/06\/Dane-Boernet-Kuscheln.jpg 945w\" sizes=\"auto, (max-width: 849px) 100vw, 849px\" \/><\/figure>\n<\/figure>\n\n\n\n<figure class=\"wp-block-gallery has-nested-images columns-default is-cropped wp-block-gallery-3 is-layout-flex wp-block-gallery-is-layout-flex\"><\/figure>\n\n\n\n<p class=\"has-vivid-green-cyan-background-color has-background has-medium-font-size\"><a href=\"https:\/\/tierpension-hof.ch\/?page_id=888\" data-type=\"page\" data-id=\"888\"><strong>Nada<\/strong> <\/a>und <strong>Layla<\/strong> haben eine Patenschaft von Pro Levrier erhalten. Layla ist leider im November 2023 im hohen Alter von 15 Jahren gestorben. Nada mussten wir im August 2024 ebenfalls mit 15 Jahren gehen lassen. Wir werden die Beiden immer in wunderbarer Erinnerung behalten.<\/p>\n\n\n\n<figure class=\"wp-block-gallery has-nested-images columns-default is-cropped wp-block-gallery-4 is-layout-flex wp-block-gallery-is-layout-flex\">\n<figure class=\"wp-block-image size-large\"><img loading=\"lazy\" decoding=\"async\" width=\"768\" height=\"1024\" data-id=\"890\" src=\"https:\/\/tierpension-hof.ch\/wp-content\/uploads\/2021\/02\/6b9bbd56-d700-4db5-8535-ff12be295e6c-768x1024.jpg\" alt=\"\" class=\"wp-image-890\" srcset=\"https:\/\/tierpension-hof.ch\/wp-content\/uploads\/2021\/02\/6b9bbd56-d700-4db5-8535-ff12be295e6c-768x1024.jpg 768w, https:\/\/tierpension-hof.ch\/wp-content\/uploads\/2021\/02\/6b9bbd56-d700-4db5-8535-ff12be295e6c-225x300.jpg 225w, https:\/\/tierpension-hof.ch\/wp-content\/uploads\/2021\/02\/6b9bbd56-d700-4db5-8535-ff12be295e6c-1152x1536.jpg 1152w, https:\/\/tierpension-hof.ch\/wp-content\/uploads\/2021\/02\/6b9bbd56-d700-4db5-8535-ff12be295e6c.jpg 1536w\" sizes=\"auto, (max-width: 768px) 100vw, 768px\" \/><figcaption class=\"wp-element-caption\">Layla<\/figcaption><\/figure>\n\n\n\n<figure class=\"wp-block-image size-large\"><img loading=\"lazy\" decoding=\"async\" width=\"768\" height=\"1024\" data-id=\"891\" src=\"https:\/\/tierpension-hof.ch\/wp-content\/uploads\/2021\/02\/51e59d36-01f6-4042-9feb-07b8bf9cdb0c-768x1024.jpg\" alt=\"\" class=\"wp-image-891\" srcset=\"https:\/\/tierpension-hof.ch\/wp-content\/uploads\/2021\/02\/51e59d36-01f6-4042-9feb-07b8bf9cdb0c-768x1024.jpg 768w, https:\/\/tierpension-hof.ch\/wp-content\/uploads\/2021\/02\/51e59d36-01f6-4042-9feb-07b8bf9cdb0c-225x300.jpg 225w, https:\/\/tierpension-hof.ch\/wp-content\/uploads\/2021\/02\/51e59d36-01f6-4042-9feb-07b8bf9cdb0c-1152x1536.jpg 1152w, https:\/\/tierpension-hof.ch\/wp-content\/uploads\/2021\/02\/51e59d36-01f6-4042-9feb-07b8bf9cdb0c.jpg 1536w\" sizes=\"auto, (max-width: 768px) 100vw, 768px\" \/><figcaption class=\"wp-element-caption\">Nada<\/figcaption><\/figure>\n<\/figure>\n\n\n\n<p class=\"has-vivid-cyan-blue-background-color has-background has-medium-font-size\"><a href=\"https:\/\/tierpension-hof.ch\/?page_id=895\" data-type=\"page\" data-id=\"895\"><strong>Kanata<\/strong> <\/a>hat einen superwunderbaren Platz gefunden<\/p>\n\n\n\n<figure class=\"wp-block-image size-medium is-style-rounded\"><img loading=\"lazy\" decoding=\"async\" width=\"300\" height=\"225\" src=\"https:\/\/tierpension-hof.ch\/wp-content\/uploads\/2020\/04\/IMG_1816-300x225.jpg\" alt=\"\" class=\"wp-image-726\" srcset=\"https:\/\/tierpension-hof.ch\/wp-content\/uploads\/2020\/04\/IMG_1816-300x225.jpg 300w, https:\/\/tierpension-hof.ch\/wp-content\/uploads\/2020\/04\/IMG_1816-768x576.jpg 768w, https:\/\/tierpension-hof.ch\/wp-content\/uploads\/2020\/04\/IMG_1816-1024x768.jpg 1024w\" sizes=\"auto, (max-width: 300px) 100vw, 300px\" \/><figcaption class=\"wp-element-caption\">Kanata<\/figcaption><\/figure>\n\n\n\n<p><strong>Pino, Lia<\/strong>, <strong>Lady<\/strong> und <strong>Debby<\/strong> konnten zu ihren neuen Familien umziehen.<\/p>\n\n\n\n<figure class=\"wp-block-gallery has-nested-images columns-2 is-cropped wp-block-gallery-5 is-layout-flex wp-block-gallery-is-layout-flex\">\n<figure class=\"wp-block-image size-large\"><img loading=\"lazy\" decoding=\"async\" width=\"1024\" height=\"768\" data-id=\"605\" src=\"https:\/\/tierpension-hof.ch\/wp-content\/uploads\/2019\/12\/Pino-2-1024x768.jpg\" alt=\"\" class=\"wp-image-605\" srcset=\"https:\/\/tierpension-hof.ch\/wp-content\/uploads\/2019\/12\/Pino-2-1024x768.jpg 1024w, https:\/\/tierpension-hof.ch\/wp-content\/uploads\/2019\/12\/Pino-2-300x225.jpg 300w, https:\/\/tierpension-hof.ch\/wp-content\/uploads\/2019\/12\/Pino-2-768x576.jpg 768w, https:\/\/tierpension-hof.ch\/wp-content\/uploads\/2019\/12\/Pino-2.jpg 2048w\" sizes=\"auto, (max-width: 1024px) 100vw, 1024px\" \/><figcaption class=\"wp-element-caption\">Pino<\/figcaption><\/figure>\n\n\n\n<figure class=\"wp-block-image size-large\"><img loading=\"lazy\" decoding=\"async\" width=\"1024\" height=\"768\" data-id=\"334\" src=\"https:\/\/tierpension-hof.ch\/wp-content\/uploads\/2019\/03\/Apollo-Lia-Juli-2018-1024x768.jpg\" alt=\"\" class=\"wp-image-334\" srcset=\"https:\/\/tierpension-hof.ch\/wp-content\/uploads\/2019\/03\/Apollo-Lia-Juli-2018-1024x768.jpg 1024w, https:\/\/tierpension-hof.ch\/wp-content\/uploads\/2019\/03\/Apollo-Lia-Juli-2018-300x225.jpg 300w, https:\/\/tierpension-hof.ch\/wp-content\/uploads\/2019\/03\/Apollo-Lia-Juli-2018-768x576.jpg 768w, https:\/\/tierpension-hof.ch\/wp-content\/uploads\/2019\/03\/Apollo-Lia-Juli-2018.jpg 1600w\" sizes=\"auto, (max-width: 1024px) 100vw, 1024px\" \/><figcaption class=\"wp-element-caption\">Lia<\/figcaption><\/figure>\n\n\n\n<figure class=\"wp-block-image size-large\"><img loading=\"lazy\" decoding=\"async\" width=\"596\" height=\"794\" data-id=\"506\" src=\"https:\/\/tierpension-hof.ch\/wp-content\/uploads\/2019\/09\/Lady-20190920-3.jpg\" alt=\"\" class=\"wp-image-506\" srcset=\"https:\/\/tierpension-hof.ch\/wp-content\/uploads\/2019\/09\/Lady-20190920-3.jpg 596w, https:\/\/tierpension-hof.ch\/wp-content\/uploads\/2019\/09\/Lady-20190920-3-225x300.jpg 225w\" sizes=\"auto, (max-width: 596px) 100vw, 596px\" \/><figcaption class=\"wp-element-caption\">Lady<\/figcaption><\/figure>\n\n\n\n<figure class=\"wp-block-image size-large\"><img loading=\"lazy\" decoding=\"async\" width=\"768\" height=\"1024\" data-id=\"332\" src=\"https:\/\/tierpension-hof.ch\/wp-content\/uploads\/2019\/03\/Debby-Oktober-2018-768x1024.jpg\" alt=\"\" class=\"wp-image-332\" srcset=\"https:\/\/tierpension-hof.ch\/wp-content\/uploads\/2019\/03\/Debby-Oktober-2018-768x1024.jpg 768w, https:\/\/tierpension-hof.ch\/wp-content\/uploads\/2019\/03\/Debby-Oktober-2018-225x300.jpg 225w, https:\/\/tierpension-hof.ch\/wp-content\/uploads\/2019\/03\/Debby-Oktober-2018.jpg 1200w\" sizes=\"auto, (max-width: 768px) 100vw, 768px\" \/><figcaption class=\"wp-element-caption\">Debby<\/figcaption><\/figure>\n<\/figure>\n","protected":false},"excerpt":{"rendered":"<p>Nura, unsere super liebe, spezielle 9 Jahre alte Entlebucher H\u00fcndin sucht einen neuen Lebensplatz bei Menschen, die den speziellen Charme von Entlebuchern verstehen. Sie wird \u00fcber Berner Sennenhunde in Not vermittelt. Dane und Boernet, 5 Jahre alte Show-Greyhounds wurden vermittelt. Sie wurden \u00fcber den Pro Levrier vermittelt. Nada und Layla haben eine Patenschaft von Pro [&hellip;]<\/p>\n","protected":false},"author":1,"featured_media":0,"parent":0,"menu_order":0,"comment_status":"closed","ping_status":"closed","template":"","meta":{"footnotes":""},"class_list":["post-176","page","type-page","status-publish","hentry"],"_links":{"self":[{"href":"https:\/\/tierpension-hof.ch\/index.php?rest_route=\/wp\/v2\/pages\/176","targetHints":{"allow":["GET"]}}],"collection":[{"href":"https:\/\/tierpension-hof.ch\/index.php?rest_route=\/wp\/v2\/pages"}],"about":[{"href":"https:\/\/tierpension-hof.ch\/index.php?rest_route=\/wp\/v2\/types\/page"}],"author":[{"embeddable":true,"href":"https:\/\/tierpension-hof.ch\/index.php?rest_route=\/wp\/v2\/users\/1"}],"replies":[{"embeddable":true,"href":"https:\/\/tierpension-hof.ch\/index.php?rest_route=%2Fwp%2Fv2%2Fcomments&post=176"}],"version-history":[{"count":56,"href":"https:\/\/tierpension-hof.ch\/index.php?rest_route=\/wp\/v2\/pages\/176\/revisions"}],"predecessor-version":[{"id":1026,"href":"https:\/\/tierpension-hof.ch\/index.php?rest_route=\/wp\/v2\/pages\/176\/revisions\/1026"}],"wp:attachment":[{"href":"https:\/\/tierpension-hof.ch\/index.php?rest_route=%2Fwp%2Fv2%2Fmedia&parent=176"}],"curies":[{"name":"wp","href":"https:\/\/api.w.org\/{rel}","templated":true}]}}